{"id":7,"date":"2021-02-26T13:59:02","date_gmt":"2021-02-26T12:59:02","guid":{"rendered":"https:\/\/sbspl.mto-management.de\/?page_id=7"},"modified":"2021-02-26T13:59:02","modified_gmt":"2021-02-26T12:59:02","slug":"login","status":"publish","type":"page","link":"https:\/\/qatl.mto-management.de\/","title":{"rendered":"Login"},"content":{"rendered":"<div class=\"VPELogout\" style=\"position: fixed; top: 300px; right: 0px; width: 100px;\"\r\n                    onclick=\"location.href = 'https:\/\/qatl.mto-management.de\/?logout=1';\">Ausloggen<\/div>\n<p id=\"block-74e2aaa2-9278-4ef5-a174-81f46b40e6db\"><br>Um das Webex Konferenzsystem zu testen k\u00f6nnen Sie hier den <a rel=\"noreferrer noopener\" href=\"https:\/\/www.webex.com\/de\/test-meeting.html\" target=\"_blank\">Demoraum<\/a> von Webex besuchen und Ihre Kamera- und Mikrofoneinstellungen \u00fcberpr\u00fcfen. Sie haben die M\u00f6glichkeit \u00fcber den Browser beizutreten oder Sie k\u00f6nnen das Webex-Plugin installieren, um an der Sitzung teilzunehmen). Bitte verwenden Sie einen PC oder ein Notebook. Mit einem iPad ist es nicht m\u00f6glich neben der Videokonferenz im Browser zu arbeiten.<\/p>\n\n\n\n<p id=\"block-cf25f6b3-78d3-4d72-8ee0-d36c88df9883\">Login<\/p>\n\n\n\n<p id=\"block-b84d6f5e-9982-4990-8c18-86305c1ccb84\"><\/p>\n","protected":false},"excerpt":{"rendered":"<p>AusloggenUm das Webex Konferenzsystem zu testen k\u00f6nnen Sie hier den Demoraum von Webex besuchen und Ihre Kamera- und Mikrofoneinstellungen \u00fcberpr\u00fcfen. Sie haben die M\u00f6glichkeit \u00fcber den Browser beizutreten oder Sie k\u00f6nnen das Webex-Plugin installieren, um an der Sitzung teilzunehmen). Bitte verwenden Sie einen PC oder ein Notebook. Mit einem iPad ist es nicht m\u00f6glich neben [&hellip;]<\/p>\n","protected":false},"author":1,"featured_media":0,"parent":0,"menu_order":0,"comment_status":"closed","ping_status":"closed","template":"","meta":{"footnotes":""},"class_list":["post-7","page","type-page","status-publish","hentry","entry"],"_links":{"self":[{"href":"https:\/\/qatl.mto-management.de\/index.php?rest_route=\/wp\/v2\/pages\/7","targetHints":{"allow":["GET"]}}],"collection":[{"href":"https:\/\/qatl.mto-management.de\/index.php?rest_route=\/wp\/v2\/pages"}],"about":[{"href":"https:\/\/qatl.mto-management.de\/index.php?rest_route=\/wp\/v2\/types\/page"}],"author":[{"embeddable":true,"href":"https:\/\/qatl.mto-management.de\/index.php?rest_route=\/wp\/v2\/users\/1"}],"replies":[{"embeddable":true,"href":"https:\/\/qatl.mto-management.de\/index.php?rest_route=%2Fwp%2Fv2%2Fcomments&post=7"}],"version-history":[{"count":1,"href":"https:\/\/qatl.mto-management.de\/index.php?rest_route=\/wp\/v2\/pages\/7\/revisions"}],"predecessor-version":[{"id":8,"href":"https:\/\/qatl.mto-management.de\/index.php?rest_route=\/wp\/v2\/pages\/7\/revisions\/8"}],"wp:attachment":[{"href":"https:\/\/qatl.mto-management.de\/index.php?rest_route=%2Fwp%2Fv2%2Fmedia&parent=7"}],"curies":[{"name":"wp","href":"https:\/\/api.w.org\/{rel}","templated":true}]}}